{"id":184,"date":"2020-03-05T14:12:47","date_gmt":"2020-03-05T14:12:47","guid":{"rendered":"https:\/\/konferencija.mensa.rs\/?page_id=184"},"modified":"2022-07-15T17:26:43","modified_gmt":"2022-07-15T16:26:43","slug":"gifted-and-environment-family-educational-business","status":"publish","type":"page","link":"https:\/\/konferencija.mensa.rs\/?page_id=184","title":{"rendered":"4th Conference 2021"},"content":{"rendered":"<p><img decoding=\"async\" loading=\"lazy\" class=\"wp-image-11 aligncenter\" src=\"https:\/\/konferencija.mensa.rs\/wp-content\/uploads\/2017\/12\/znak-Mense-2-300x239.jpg\" alt=\"\" width=\"131\" height=\"104\" srcset=\"https:\/\/konferencija.mensa.rs\/wp-content\/uploads\/2017\/12\/znak-Mense-2-300x239.jpg 300w, https:\/\/konferencija.mensa.rs\/wp-content\/uploads\/2017\/12\/znak-Mense-2-768x612.jpg 768w, https:\/\/konferencija.mensa.rs\/wp-content\/uploads\/2017\/12\/znak-Mense-2-1024x815.jpg 1024w, https:\/\/konferencija.mensa.rs\/wp-content\/uploads\/2017\/12\/znak-Mense-2.jpg 1492w\" sizes=\"(max-width: 131px) 100vw, 131px\" \/><\/p>\n<h4 style=\"text-align: center;\">Civil Society Mensa Serbia<br \/>\nand partners<\/h4>\n<h4 style=\"text-align: center;\">invite you to<\/h4>\n<h2 style=\"text-align: center;\"><strong>The Fourth International scientific and professional Conference &#8220;Gifted and family, learning and business environment&#8221;<\/strong><\/h2>\n<p><img decoding=\"async\" loading=\"lazy\" class=\"wp-image-14 aligncenter\" src=\"https:\/\/konferencija.mensa.rs\/wp-content\/uploads\/2017\/12\/222-mini.jpg\" alt=\"\" width=\"136\" height=\"136\" srcset=\"https:\/\/konferencija.mensa.rs\/wp-content\/uploads\/2017\/12\/222-mini.jpg 260w, https:\/\/konferencija.mensa.rs\/wp-content\/uploads\/2017\/12\/222-mini-150x150.jpg 150w, https:\/\/konferencija.mensa.rs\/wp-content\/uploads\/2017\/12\/222-mini-100x100.jpg 100w\" sizes=\"(max-width: 136px) 100vw, 136px\" \/><\/p>\n<h4 style=\"text-align: center;\">Belgrade, Serbia<br \/>\n24 &#8211; 26 September 2021<\/h4>\n<p style=\"text-align: center;\">Venue: <a href=\"https:\/\/www.institut.edu.rs\/en\/\">Institute for Contemporary Education<\/a> (Masarikova 5, Belgrade, Serbia).<\/p>\n<p><strong>Keynote speakers:<\/strong><\/p>\n<p>Dr Csilla Fuszek \u2013 European Talent Support Network, Hungary<br \/>\nDubravko \u010cop \u2013 Parents\u2019 association DAR, Croatia<br \/>\nDr Lada Marinkovi\u0107 \u2013 Higher Professional School For Education Of Teachers Novi Sad, Serbia<br \/>\nMSc Marinela \u0160\u0107epanovi\u0107 \u2013 Alliance of Serbian Enlighteners, Serbia<br \/>\nUro\u0161 Mihajlovi\u0107, People &amp; Culture Business Partner, ManpowerGroup, Serbia<\/p>\n<p><strong>The aim of the conference:<br \/>\n<\/strong>The aim of this year&#8217;s conference is to consider the relationship between the phenomenon of giftedness and those factors that directly affect its recognition, support, development and full realization. These factors are the family, the education system and the business environment in which giftedness can manifest itself in different domains. We want to encourage discussions, research and case studies of good practice that will contribute to a more favorable environment for the development of gifted and creative individuals in our society. We want the conference to be a place to learn from international experiences and the multidisciplinary approach of professionals, practitioners, educational professionals, employers, policy makers and anyone interested in the phenomenon. In addition to the significant topics related to the family, educational and business environment, all of which interact with giftedness, this year we want to pay special attention to examples that vividly show how gifted, creative and innovative individuals in a (non)supportive environment can(&#8216;t) demonstrate their abilities.<\/p>\n<p><strong>Participants:<br \/>\n<\/strong>The conference is intended for pre-school and school teachers, psychologists, educators, special education teachers, medical doctors, employees in public services and administration, media workers, students and others who\u00a0 engage in their work with gifted children, youth and adults, both from Serbia and from abroad.<\/p>\n<p><strong>Conference Languages: <\/strong>Serbian, languages of the region and English.<\/p>\n<p><strong>For your presentation you can choose any of the following sub-themes:<br \/>\n<\/strong><\/p>\n<p>&#8211; Relationship between giftedness and family environment<br \/>\n&#8211; Relationship between giftedness and educational environment<br \/>\n&#8211; Relationship between giftedness and business environment<br \/>\n&#8211; Giftedness &#8211; general questions<br \/>\n&#8211; Educational work with gifted;<br \/>\n&#8211; Current and alternative approaches in the work with the gifted;<br \/>\n&#8211; Detection and identification of gifted children, youth and adults;<br \/>\n&#8211; Additional support to the gifted;<br \/>\n&#8211; Ethical issues regarding the gifted;<br \/>\n&#8211; Stimulating programs for the gifted;<br \/>\n&#8211; Empowering professionals to work with gifted;<br \/>\n&#8211; Supporting the families of the gifted<br \/>\n&#8211; Labor market and attitude towards the gifted<br \/>\n&#8211; The attitude of the society towards the gifted;<br \/>\n&#8211; and other relevant topics.<strong><br \/>\n<\/strong><\/p>\n<p><strong>We invite you to register your participation in the Conference<\/strong> in the form of oral presentations, poster presentations, workshops, or to participate as a listener, without presentation.<\/p>\n<p><strong>Important dates:<br \/>\n<\/strong>&#8211; <del>By<strong> 01 July 2021<\/strong><\/del> <span style=\"color: #ff0000;\">By 10 July 2021<\/span> &#8211; Abstract submission deadline (for oral or poster presentation)<\/p>\n<p>&#8211; By<strong> 15 July 2021 <\/strong>&#8211; Abstract acceptance notification (with instructions for necessary corrections)<\/p>\n<p>&#8211; By <strong>20 July 2021<\/strong> &#8211; Submission of corrected abstracts<\/p>\n<p>&#8211; By <strong>15 August 2021<\/strong> &#8211; Submission of the entire paper<br \/>\n&#8211; By <strong>29 August 2021<\/strong> \u2013 Paper acceptance notification<br \/>\n&#8211; By <strong>5 September 2021 &#8211;<\/strong>Deadline for submission of corrected papers<\/p>\n<p>&#8211;\u00a0\u00a0\u00a0\u00a0\u00a0 <strong>6 September 2021<\/strong> \u2013 Deadline for registration fee payment for participants \u2013 presenters and authors of the papers in the Proceedings Book.<\/p>\n<h1 style=\"margin-left: 0in;\"><\/h1>\n<p><strong><u>Registration fee:<\/u><\/strong><\/p>\n<p><strong>&#8211; by 20 July 2021<\/strong> &#8211; \u00a0Early payment at a lower price<br \/>\n<strong>&#8211; by 7 September 2021<\/strong> &#8211; payment at the regular price<\/p>\n<p>All participants who want to register for the Conference should do so by filling out the <a href=\"https:\/\/docs.google.com\/forms\/d\/e\/1FAIpQLScfFBWmThHCfH0eY4ZFk1FOw_RuUhSPeoit7-vkFC31a4nMrg\/viewform\">registration form<\/a>.<\/p>\n<p><strong>The registration fee per person<\/strong> for the participation in the three-day conference, depending on the date of payment and category of participants:<\/p>\n<table width=\"688\">\n<tbody>\n<tr>\n<td width=\"347\">Categories of participants<\/td>\n<td width=\"170\">DEADLINE EXPIRED<\/p>\n<p><del>Early birds<\/del><br \/>\n<del>until 20 July 2021<\/del><\/td>\n<td width=\"170\">Registration fee<br \/>\nfor payments from 21 July to 7 September 2021<\/td>\n<\/tr>\n<tr>\n<td width=\"347\">Participants from countries other than Serbia<\/td>\n<td width=\"170\"><del>70 \u20ac<\/del><\/td>\n<td width=\"170\">85 \u20ac<\/td>\n<\/tr>\n<tr>\n<td width=\"347\">Members of Mensa, other than Mensa Serbia<\/td>\n<td width=\"170\"><del>60 \u20ac<\/del><\/td>\n<td width=\"170\">75 \u20ac<\/td>\n<\/tr>\n<\/tbody>\n<\/table>\n<p><strong>\u00a0<\/strong><\/p>\n<p><strong>Registration fee includes:<br \/>\n<\/strong>&#8211; The presence and\/or participation in the Conference,<br \/>\n&#8211; Publishing of the abstract in the Book of Abstracts for presenters,<br \/>\n&#8211; Publishing of the paper in the Proceedings Book,<br \/>\n&#8211; Printed Conference Program, Certificate of Participation,<br \/>\n&#8211; Conference kit<br \/>\n&#8211; Welcome cocktail,<br \/>\n&#8211; Refreshments at work breaks.<strong><br \/>\n<u><\/u><\/strong><\/p>\n<p><strong>Registration and the method of payment<\/strong><\/p>\n<p>Register your participation in the Conference by <del>01<\/del> <span style=\"color: #ff0000;\">10<\/span> July 2021 at the latest (if you wish to have a presentation) or by 10 September 2021 (if you are a participant without a presentation) by filling out the <a href=\"https:\/\/docs.google.com\/forms\/d\/e\/1FAIpQLScfFBWmThHCfH0eY4ZFk1FOw_RuUhSPeoit7-vkFC31a4nMrg\/viewform\">registration form<\/a>.<\/p>\n<p>After filling in the registration form, you will receive by e-mail the invoice and instructions for payment of the registration fee. If you are unwilling or unable to be physically present at the Conference, please note that the streaming and the online participation will be available.<\/p>\n<p><strong><u>Instructions for registering an abstract (for oral or poster presentationor for the workshop)<\/u><\/strong><\/p>\n<p>To register for presentation at the Conference, one should apply by filling out the <a href=\"https:\/\/docs.google.com\/forms\/d\/e\/1FAIpQLScfFBWmThHCfH0eY4ZFk1FOw_RuUhSPeoit7-vkFC31a4nMrg\/viewform\">registration form<\/a> and by submitting the summary presentation (for oral and poster presentations) by e-mail to: <strong><a href=\"mailto:konferencija@mensa.rs\">konferencija@mensa.rs<\/a> <\/strong>, by <del>01<\/del> <span style=\"color: #ff0000;\">10<\/span> July 2021.<\/p>\n<h4>Abstracts of oral presentations\u00a0 and poster presentations<\/h4>\n<p>Summary must have the following characteristics:<br \/>\nLanguage: Serbian\/Croatian\/Bosnian or English<br \/>\nLetter: Alphabet<br \/>\nVolume: up to <strong>500 words<\/strong><br \/>\nFormat: Word (.doc or .docx)<br \/>\nFont: Times New Roman<br \/>\nLine spacing: 1,0<br \/>\nFont size: title &#8211; <strong>14 pt, bold, capital<\/strong><br \/>\nAuthors with affiliations &#8211; 12 pt, regular<br \/>\nabstract (up to 500 words) &#8211; 12 pt, regular<br \/>\n<em>keywords (up to 5) &#8211; 12 pt, italic<\/em>.<\/p>\n<p>Make sure to write the summary respecting IMRAD format (extract: goal of work \/ research, method, results and conclusion or specific recommendations). The summary does not contain references.<\/p>\n<p><a href=\"https:\/\/docs.google.com\/document\/d\/12DeeeoulnlOD8SnyNGmGDwFgt-goSq_U-vr4eU6z7kI\/edit?usp=sharing\">Template of abstract format<\/a><\/p>\n<p><strong>Summary \/ abstract for the workshop<\/strong> should contain the name of the workshop, the authors of the workshop and the affiliations, the goal and the outcomes of the workshop. Specify the maximum number of participants. The length of the workshop can be up to 60 minutes.<\/p>\n<p><strong>General notes:<\/strong><\/p>\n<p>One author may occur in up to two presentations, no matter the form of presentation. Each paper can have a maximum of four authors.<\/p>\n<p>All submitted papers will be sent to the international referee for assessment of satisfaction of conditions for acceptance for presentation at the Conference and Book of Abstracts &#8220;Gifted and family, learning and business environment&#8221;.<\/p>\n<p><strong>IMPORTANT NOTE FOR PRESENTERS:<\/strong><\/p>\n<p>The length of <strong>oral presentatons<\/strong> is limited to 10 minutes with 5 minutes for discussion and questions.<\/p>\n<p><strong>Poster presentation<\/strong> should have a maximum size of 80x110cm, portrait or landscape orientation with the text clearly visible from a 2 meter distance. \u00a0The authors of poster presentations are supposed to bring their posters to the Conference. At the scheduled time according to the Program of the Conference they are expected to stand next to the poster presentations for communication with the interested participants. After the scheduled time of posting poster presentations, the authors are expected to remove their posters.<\/p>\n<h4><strong>Instructions for Papers<\/strong><\/h4>\n<p>The complete presentations of the conference &#8220;Gifted and family, educational, business environment&#8221; will be printed in full in the Book of Proceedings, providing that the authors prepare them in the form of a scientific \/ professional article, according to the Instructions for preparing papers, and sent the text to the conference address (konferencija@mensa.rs) no later than 15 August 2021.<\/p>\n<p>The Proceedings Book will be published in printed form and prepared for the dates of the conference with ISBN and UDC identifications (24 &#8211; 26 September 2021).<\/p>\n<p>The review process, feedback and corrections will be completed by 5 September 2021. Authors can expect the first information on the acceptance of the paper for publication in the Proceedings within two weeks from the submission of the paper. The authors undertake to make the requested changes no later than 5 September 2021.<\/p>\n<p>After review, if necessary, the paper will be returned to the author for final revision \/ completion in accordance with the Instructions.<\/p>\n<p>Papers will be reviewed by competent local and international reviewers.<\/p>\n<p>The languages \u200b\u200bof publication are: Serbian, the languages \u200b\u200bof the region and English.<\/p>\n<p>The authors are responsible for proofreading the abstracts and the entire papers.<\/p>\n<p>One author \/ co-author may appear in a maximum of two (2) papers. Number of authors and co-authors: maximum four (4) in one paper.<\/p>\n<p>Papers will be checked for plagiarism and self-plagiarism during the review process.<\/p>\n<p><strong>The paper must have the following characteristics:<\/strong><\/p>\n<p>Language: Serbian, regional languages \u200b\u200bor English, with abstract \/ abstract in the language in which the paper was written and in English.<br \/>\nVolume: up to 10 pages of A4 format (original scientific paper), 5-10 pages (professional and review paper). One page has 1800 characters.<br \/>\nReviews of publications on giftedness, not longer than two pages, can also be published in the Book of Abstracts (all relevant information about the publication should be provided: authors, title of the publication, publisher, place and year of publication, short content, comment by the author of the review).<br \/>\nPapers are submitted in .docx format.<br \/>\nFont: Times New Roman, Cyrillic or Latin alphabet.<br \/>\nLine spacing: 1.5<br \/>\nImages and graphs: Illustrations, photographs, tabular and similar attachments are submitted as an attachment to the text. They must be in a format and resolution suitable for printing.<br \/>\nIllustrations should be submitted in the form of digital images in .eps, .tiff or .jpg (maximum quality) format. Make sure the print is black and white, not color.<br \/>\nProvide tables and graphs so that the font can be adapted to the design of the Proceedings, in .docx or .xlsx (Word or Excel) format. Send the tables and pictures in a separate document and clearly indicate the place, number and name of the attachment in the text of the paper.<\/p>\n<p><strong>The paper should contain:<\/strong><\/p>\n<p>Title in English, &#8211; 14 pt, bold, capital<br \/>\nNames and surnames of all authors &#8211; 12 pt, regular,<br \/>\nAffiliates, in order: Institution, city, country &#8211; 10 pt, regular,<br \/>\nAbstract English, up to a maximum of 300 words &#8211; 12pt, regular,<br \/>\n<em>Keywords: up to 5 words &#8211; 12 pt, italic,<\/em><br \/>\nText structure of the paper (Introduction, Method, Results, Discussion, Conclusion) &#8211; 12pt, regular,<br \/>\nReferences &#8211; 10 pt, regular; Quote style: APA 7<\/p>\n<p><a href=\"https:\/\/docs.google.com\/document\/d\/1JR2gEXTiHcLcfZX9eR0xngDE6VSl4BrVWEo_8g_x9KA\/edit?usp=sharing\">Template of paper format<\/a><\/p>\n<p>The condition for publishing the summary, as well as the paper, is the paid registration fee for the first author of the paper, ie the author who presents the paper. Paper for which no registration fee has been paid until 6 September 2021 will not be included in the Conference Program, Book of Abstracts or the Proceedings Book.<\/p>\n<p>Authors can submit their work only for publication in the proceedings, without the obligation to present the paper at the Conference. In this case, it is necessary for the first author of the paper to pay the amount of one registration fee (6,000 RSD) for the costs of reviewing and publishing the paper in the Proceedings Book, no later than 6 September 2021.<\/p>\n<p><strong>For more information<\/strong>, please send your enquiry to: <a href=\"mailto:konferencija@mensa.rs\">konferencija@mensa.rs<\/a> .<\/p>\n<p><strong>Conference Program<br \/>\n<\/strong>The exact program of the Conference will be published on the <a href=\"https:\/\/konferencija.mensa.rs\/?page_id=121\">website of the Conference<\/a> at the latest by 15 September 2021.<\/p>\n<p>We are expecting your application for participation at the Conference and look forward to hosting you in Belgrade!<\/p>\n<p style=\"text-align: right;\">Conference Organizing Committee<\/p>\n<p><strong>Conference organizers:<\/strong><br \/>\nMensa Serbia<br \/>\nHigher Professional School For The Education Of Teachers<br \/>\nSociety of defectologists of Vojvodina<br \/>\nAssociation of Educators of Vojvodina<br \/>\nNational Talents Center<\/p>\n<p><strong>Partners of the Conference:<\/strong><br \/>\nFaculty of Teacher Education, University of Belgrade<br \/>\nFaculty of Sciences and Maths, University of Novi Sad<br \/>\nLINK Educational Alliance<br \/>\nFoundation Dositej Obradovic 1925<br \/>\nAlliance of Serbian Enlighteners<\/p>\n","protected":false},"excerpt":{"rendered":"<p>Civil Society Mensa Serbia and partners invite you to The Fourth International scientific and professional Conference &#8220;Gifted and family, learning and business environment&#8221; Belgrade, Serbia 24 &#8211; 26 September 2021 Venue: Institute for Contemporary Education (Masarikova 5, Belgrade, Serbia). Keynote speakers: Dr Csilla Fuszek \u2013 European Talent Support Network, Hungary Dubravko \u010cop \u2013 Parents\u2019 association &hellip; <a href=\"https:\/\/konferencija.mensa.rs\/?page_id=184\" class=\"more-link\">Continue reading <span class=\"screen-reader-text\">4th Conference 2021<\/span><\/a><\/p>\n","protected":false},"author":2,"featured_media":0,"parent":0,"menu_order":0,"comment_status":"closed","ping_status":"closed","template":"","meta":[],"_links":{"self":[{"href":"https:\/\/konferencija.mensa.rs\/index.php?rest_route=\/wp\/v2\/pages\/184"}],"collection":[{"href":"https:\/\/konferencija.mensa.rs\/index.php?rest_route=\/wp\/v2\/pages"}],"about":[{"href":"https:\/\/konferencija.mensa.rs\/index.php?rest_route=\/wp\/v2\/types\/page"}],"author":[{"embeddable":true,"href":"https:\/\/konferencija.mensa.rs\/index.php?rest_route=\/wp\/v2\/users\/2"}],"replies":[{"embeddable":true,"href":"https:\/\/konferencija.mensa.rs\/index.php?rest_route=%2Fwp%2Fv2%2Fcomments&post=184"}],"version-history":[{"count":25,"href":"https:\/\/konferencija.mensa.rs\/index.php?rest_route=\/wp\/v2\/pages\/184\/revisions"}],"predecessor-version":[{"id":284,"href":"https:\/\/konferencija.mensa.rs\/index.php?rest_route=\/wp\/v2\/pages\/184\/revisions\/284"}],"wp:attachment":[{"href":"https:\/\/konferencija.mensa.rs\/index.php?rest_route=%2Fwp%2Fv2%2Fmedia&parent=184"}],"curies":[{"name":"wp","href":"https:\/\/api.w.org\/{rel}","templated":true}]}}