{"id":252,"date":"2022-03-28T22:36:34","date_gmt":"2022-03-28T21:36:34","guid":{"rendered":"https:\/\/konferencija.mensa.rs\/?page_id=252"},"modified":"2023-03-13T23:25:05","modified_gmt":"2023-03-13T22:25:05","slug":"saradnja-u-cilju-podrske-darovitima","status":"publish","type":"page","link":"https:\/\/konferencija.mensa.rs\/?page_id=252","title":{"rendered":"5. konferencija 2022."},"content":{"rendered":"\r\n<p>&nbsp;<\/p>\r\n<p class=\"has-text-align-center\"><img decoding=\"async\" loading=\"lazy\" class=\"wp-image-26 aligncenter\" src=\"https:\/\/konferencija.mensa.rs\/wp-content\/uploads\/2017\/12\/cropped-cropped-znak-Mense-2.jpg\" alt=\"\" width=\"124\" height=\"99\" \/><\/p>\r\n<h4 style=\"text-align: center;\">Udru\u017eenje gra\u0111ana Mensa Srbije<\/h4>\r\n<h4 style=\"text-align: center;\">i partneri<\/h4>\r\n<h4 style=\"text-align: center;\">pozivaju Vas na<\/h4>\r\n<h2 style=\"text-align: center;\"><strong>Petu me\u0111unarodnu<\/strong><\/h2>\r\n<h2 style=\"text-align: center;\"><strong>nau\u010dno-stru\u010dnu konferenciju<\/strong><\/h2>\r\n<h2 style=\"text-align: center;\"><strong>\u201cSaradnja u cilju podr\u0161ke darovitima\u201d<\/strong><\/h2>\r\n<h2><strong> <img decoding=\"async\" loading=\"lazy\" class=\"size-full wp-image-14 aligncenter\" src=\"https:\/\/konferencija.mensa.rs\/wp-content\/uploads\/2017\/12\/222-mini.jpg\" alt=\"\" width=\"260\" height=\"260\" srcset=\"https:\/\/konferencija.mensa.rs\/wp-content\/uploads\/2017\/12\/222-mini.jpg 260w, https:\/\/konferencija.mensa.rs\/wp-content\/uploads\/2017\/12\/222-mini-150x150.jpg 150w, https:\/\/konferencija.mensa.rs\/wp-content\/uploads\/2017\/12\/222-mini-100x100.jpg 100w\" sizes=\"(max-width: 260px) 100vw, 260px\" \/><\/strong><\/h2>\r\n<p style=\"text-align: center;\"><strong>23 \u2013 25. septembar 2022 godine, Beograd<\/strong><\/p>\r\n<p style=\"text-align: center;\"><strong>Mesto<\/strong>: Institut za moderno obrazovanje (Masarikova 5, Beograd, Srbija).<\/p>\r\n<h3>\u00a0<\/h3>\r\n<h3><span style=\"color: #ff0000;\">NOVO!!! <\/span><a href=\"https:\/\/drive.google.com\/file\/d\/1hG7oHqk5Bzykqg4rXZr0eYMNs393GH1k\/view?usp=sharing\"><strong>ZAKLJU\u010cCI KONFERENCIJE<\/strong><\/a><\/h3>\r\n<p><strong><span style=\"color: #ff0000;\"><a href=\"https:\/\/drive.google.com\/file\/d\/1ICFQYXTWId8UQ-Ly3ylgdpYhO40Ku_tp\/view?usp=sharing\">KONA\u010cNI PROGRAM KONFERENCIJE<\/a><\/span><\/strong><\/p>\r\n<h3 style=\"text-align: justify;\">Cilj konferencije:<\/h3>\r\n<p style=\"text-align: justify;\">Cilj ovogodi\u0161nje konferencije je da uka\u017ee na va\u017enost saradnje, partnerstava i umre\u017eavanja razli\u010ditih aktera koji mogu doprineti stvaranju atmosfere i okru\u017eenja u kojem se daroviti mogu prepoznati, razvijati i realizovati. Dosada\u0161nja saradnja organizatora, partnera, teoreti\u010dara, prakti\u010dara, okupljenih oko realizacije, sada ve\u0107 pete me\u0111unarodne konferencije posve\u0107ene darovitosti, pokazala je da se upravo kroz saradnju mogu ostvariti zna\u010dajni pomaci na dobrobit darovitima, njihovim porodicama, dru\u0161tvu i institucijama koje su u prilici i obavezi da obezbede neophodne preduslove za razvoj darovitosti. Tako\u0111e, saradnja je prilika i za me\u0111usobnu podr\u0161ku i u\u010denje, razmenu iskustava i znanja o potrebama i karakteristikama darovitih. Iz navedenih razloga, upravo saradnji posve\u0107ujemo ovogodi\u0161nju konferenciju u nadi da \u0107emo prepoznati mesta gde ona nedostaje i na\u010dine da ona obogati iskustva onih koji je ostvaruju. Kao i na dosada\u0161njim konferencijama, \u017eelimo da podstaknemo diskusije, istra\u017eivanja i izlaganja primera dobre prakse i da konferencija bude mesto stvaranja novih prilika za saradnju i u\u010denje iz me\u0111unarodnih iskustava i multidisciplinarnog pristupa stru\u010dnjaka, prakti\u010dara, obrazovnih stru\u010dnjaka, poslodavaca, donosioca politika i svih zainteresovanih. Iskreno se nadamo da \u0107ete prepoznati svoj interes da nam se pridru\u017eite.<\/p>\r\n<p style=\"text-align: justify;\"><strong>U\u010desnici<\/strong>: Konferencija je namenjena vaspita\u010dima, u\u010diteljima, nastavnicima, stru\u010dnim saradnicima, defektolozima, lekarima, zaposlenima u javnim servisima, administracijama i upravama, medijskim radnicima, studentima i svima drugima koji se u svom radu susre\u0107u i bave darovitom decom, mladima i odraslima i njihovim porodicama, iz zemlje i inostranstva.<\/p>\r\n<p style=\"text-align: justify;\"><strong>Jezici Konferencije<\/strong>: srpski, jezici regiona i engleski.<\/p>\r\n<p style=\"text-align: justify;\"><strong>Konferencija \u0107e biti akreditovana <\/strong>kao oblik stru\u010dnog usavr\u0161avanja zaposlenih u obrazovno-vaspitnim ustanovama u Republici Srbiji.<\/p>\r\n<p style=\"text-align: justify;\"><strong>Pozivamo Vas da prijavite svoje u\u010de\u0161\u0107e na Konferenciji <\/strong>u formi usmenog izlaganja, poster prezentacije, radionice, ili da u\u010destvujete kao slu\u0161alac, bez izlaganja.<\/p>\r\n<p style=\"text-align: justify;\"><strong>Svoja izlaganja <\/strong>mo\u017eete prijaviti na neku od slede\u0107ih podtema:<\/p>\r\n<ul style=\"text-align: justify;\">\r\n<li>Saradnja usmerena na darovitost \u2013 op\u0161ta pitanja,<\/li>\r\n<li>Saradnja u kontektu obrazovno -vaspitnog rada sa darovitima,<\/li>\r\n<li>Aktuelni i alternativni pristupi u radu sa darovitima,<\/li>\r\n<li>Prepoznavanje i identifikacija darovite dece, mladih i odraslih,<\/li>\r\n<li>Dodatna podr\u0161ka darovitim osobama,<\/li>\r\n<li>Eti\u010dka pitanja o darovitima,<\/li>\r\n<li>Osna\u017eivanje profesionalaca za rad sa darovitima,<\/li>\r\n<li>Podr\u0161ka porodici darovitih,<\/li>\r\n<li>Tr\u017ei\u0161te rada i odnos prema darovitima,<\/li>\r\n<li>Odnos dru\u0161tva prema darovitima,<\/li>\r\n<li>Me\u0111unarodna saradnja u oblasti darovitosti,<\/li>\r\n<li>Darovitost &#8211; interdisciplinarnost i multidisciplinarnost,<\/li>\r\n<li>Praksa i teorija o darovitosti,<\/li>\r\n<li>Institucije i nevladine organizacije, udru\u017eenja gra\u0111ana i strukovna udru\u017eenja u radu sa darovitima.<\/li>\r\n<\/ul>\r\n<p style=\"text-align: justify;\"><strong><u>Va\u017eni datumi:<\/u><\/strong><\/p>\r\n<p>&#8211; do 1. jula 2022. prijava rezimea (usmenog izlaganja ili poster prezentacije);<br \/>&#8211; 15. jul 2022. obave\u0161tenje o prihvatanju rezimea (uz informaciju o potrebnim korekcijama);<br \/>&#8211; 20. jul 2022. rok za slanje korigovanog rezimea;<br \/>&#8211; 15. avgust 2022. prijava rada u celini<br \/>&#8211; 29. avgust 2022. obave\u0161tenje o prihvatanju rada<br \/>&#8211; 5. septembar 2022. rok za slanje korigovanih radova u celini<br \/>&#8211;\u00a06. septembar 2022. godine \u2013 poslednji rok za uplatu kotizacije za u\u010desnike izlaga\u010de i autore radova u Zborniku radova.<\/p>\r\n<p>&#8211; Uplata kotizacije: do 20. jula 2022. godine &#8211; rok za rane uplate po ni\u017eoj ceni<br \/>\u00a0\u00a0\u00a0\u00a0\u00a0\u00a0\u00a0\u00a0\u00a0\u00a0\u00a0\u00a0\u00a0\u00a0\u00a0\u00a0\u00a0\u00a0\u00a0\u00a0\u00a0\u00a0\u00a0\u00a0\u00a0\u00a0\u00a0\u00a0\u00a0\u00a0\u00a0\u00a0\u00a0\u00a0 do 17. septembra 2022. godine &#8211; rok za uplate po redovnoj ceni.<\/p>\r\n<p><img decoding=\"async\" loading=\"lazy\" class=\"size-full wp-image-262 aligncenter\" src=\"https:\/\/konferencija.mensa.rs\/wp-content\/uploads\/2022\/04\/Kotizacija-Darovitost.jpg\" alt=\"\" width=\"632\" height=\"215\" \/><\/p>\r\n<h3 style=\"text-align: justify;\">Kotizacija obuhvata:<\/h3>\r\n<ul style=\"text-align: justify;\">\r\n<li>Prisustvo, pra\u0107enje i\/ili u\u010de\u0161\u0107e u radu Konferencije,<\/li>\r\n<li>\u0160tampani program Konferencije i Zbornik sa\u017eetaka,<\/li>\r\n<li>\u0160tampani Zbornik radova,<\/li>\r\n<li>Sertifikat o u\u010de\u0161\u0107u (za sve u\u010desnike konferencije) i Uverenje o poha\u0111anom obliku stru\u010dnog usavr\u0161avanja (za zaposlene u obrazovno-vaspitnim ustanovama u Republici Srbiji),<\/li>\r\n<li>Prate\u0107i radni materijal,<\/li>\r\n<li>Koktel dobrodo\u0161lice,<\/li>\r\n<li>Osve\u017eenja u radnim pauzama.<\/li>\r\n<\/ul>\r\n<h3 style=\"text-align: justify;\"><u>Prijave i na\u010din uplate kotizacije<\/u><\/h3>\r\n<p style=\"text-align: justify;\">Prijavite svoje u\u010de\u0161\u0107e na Konferenciji najkasnije <strong>do 01. jula<\/strong> (ukoliko prijavljujete izlaganje) ili do 10. septembra 2022. godine (ukoliko ste u\u010desnik bez izlaganja) popunjavanjem <a href=\"https:\/\/docs.google.com\/forms\/d\/e\/1FAIpQLSd2M9PmLCLAgdexcJJCILBqfIvS9kbIqCZ_xl1TxKtw5337Yg\/viewform\">prijavne forme<\/a>. Nakon popunjavanja prijavne forme, na svoju e-mail adresu dobi\u0107ete predra\u010dun i uputstva za uplatu kotizacije. Napominjemo da \u0107e kolegama koji ne budu mogli ili \u017eeleli da fizi\u010dki prisustvuju konferenciji, biti omogu\u0107eno online u\u010de\u0161\u0107e.<\/p>\r\n<h3 style=\"text-align: justify;\"><u>Uputstvo za prijavu sa\u017eetaka (usmena izlaganja, poster prezentacije i radionice)<\/u><\/h3>\r\n<p style=\"text-align: justify;\">U\u010de\u0161\u0107e na Konferenciji sa izlaganjem prijavljuje se popunjavanjem <a href=\"https:\/\/docs.google.com\/forms\/d\/e\/1FAIpQLSd2M9PmLCLAgdexcJJCILBqfIvS9kbIqCZ_xl1TxKtw5337Yg\/viewform\">prijavne forme<\/a> i dostavljanjem sa\u017eetka izlaganja (za sve oblike izlaganja i u\u010de\u0161\u0107a: usmena prezentacija, poster, radionice) do 01. jula 2022. godine na adresu <a href=\"mailto:konferencija@mensa.rs\">konferencija@mensa.rs<\/a><\/p>\r\n<p style=\"text-align: justify;\"><strong><u>Sa\u017eeci usmenih izlaganja i poster prezentacija <\/u><\/strong><\/p>\r\n<p>Sa\u017eetak se prijavljuje na dva zvani\u010dna jezika konferencije (na srpskom ili jednom od jezika regiona, i na engleskom) i treba da ima slede\u0107e odlike:<\/p>\r\n<p>Pismo: latini\u010dno ili \u0107irili\u010dno<br \/>Obim: do 500 re\u010di<br \/>Format: Word (.doc ili .docx)<br \/>Font: Times New Roman<br \/>Prored: 1,0<br \/>Veli\u010dina slova:<br \/>\u2212 Naslov (srpski\/jedan od jezika regiona i engleski), 14 pt, bold, capital<br \/>\u2212 Autori sa afilijacijama (srpski\/jedan od jezika regiona i engleski), 12 pt, regular<br \/>\u2212 Sa\u017eetak i Abstract (do 500 re\u010di), 12 pt, regular<br \/>\u2212 Klju\u010dne re\u010di i Keywords (do 5), 12 pt, italic.<br \/>Sa\u017eetak pisati po\u0161tuju\u0107i IMRAD format (izdvojiti: cilj rada\/istra\u017eivanja, metod, rezultate i zaklju\u010dak ili odre\u0111ene preporuke). Sa\u017eetak ne treba da sadr\u017ei reference.<\/p>\r\n<p style=\"text-align: justify;\"><a href=\"https:\/\/docs.google.com\/document\/d\/1JzfAXCIc-pjYu4qlnTxZ45lUcOiB6e2Wpdtvoa3PP38\/edit?usp=sharing\">Primer formata sa\u017eetka<\/a><\/p>\r\n<p style=\"text-align: justify;\"><strong>\u00a0<\/strong><strong>SA\u017dETAK ZA RADIONICU<\/strong> treba da sadr\u017ei naziv radionice, autore-voditelje radionice i afilijacije, cilj i ishode radionice. Nazna\u010diti maksimalan broj u\u010desnika.<\/p>\r\n<p style=\"text-align: justify;\">Napomena: Radionica mo\u017ee da traje najdu\u017ee 60 minuta.<\/p>\r\n<p style=\"text-align: justify;\"><strong><u>Op\u0161te napomene:<\/u><\/strong><\/p>\r\n<p style=\"text-align: justify;\">Jedan autor se mo\u017ee prijaviti sa najvi\u0161e dva izlaganja, bez obzira na formu izlaganja (bilo kao autor ili koautor). Maksimalan broj autora po jednom izlaganju je \u010detiri.<\/p>\r\n<p style=\"text-align: justify;\">Svi prijavljeni radovi se upu\u0107uju na anonimnu recenzenziju na ocenu zadovoljenosti uslova za izlaganje na Konferenciji i \u0161tampanje u Zborniku sa\u017eetaka.\u00a0<\/p>\r\n<p style=\"text-align: justify;\"><strong>VA\u017dNO UPUTSTVA ZA IZLAGA\u010cE:<\/strong><\/p>\r\n<p style=\"text-align: justify;\">Du\u017eina usmenih izlaganja ograni\u010dena je na 10 minuta uz dodatnih 5 minuta za diskusiju i pitanja.<\/p>\r\n<p style=\"text-align: justify;\"><strong>Poster prezentacije<\/strong> mogu biti maksimalne veli\u010dine 80x110cm, portret ili landscape pozicije, jasno\u00a0vidljivog teksta sa udaljenosti od 2m. Poster prezentacije autori li\u010dno donose na Konferenciju. U\u00a0predvi\u0111enom vremenu prema Programu Konferencije u obavezi su da budu pored poster prezentacija zbog komunikacije sa zainteresovanim u\u010desnicima. Nakon predvi\u0111enog vremena izlaganja poster prezentacija, autori uklanjaju svoje postere.<\/p>\r\n<p style=\"text-align: justify;\">Molimo sve izlaga\u010de da <strong>svoje prezentacije po\u0161alju na mail<\/strong> <a href=\"mailto:konferencija@mensa.rs\">konferencija@mensa.rs<\/a> (u Power Pointu) <strong>najkasnije do 23.09.2022.<\/strong> bez obzira da li izla\u017eu u\u017eivo ili on line.<\/p>\r\n<p style=\"text-align: justify;\">Sa\u017eeci usmenih izlaganja nau\u010dnih\/stru\u010dnih radova i poster prezentacija i radionica prijavljenih za Konferenciju \u201cSaradnja u cilju podr\u0161ke darovitima\u201d nakon recenzentskog postupka bi\u0107e objavljeni u Zborniku sa\u017eetaka Konferencije \u201cSaradnja u cilju podr\u0161ke darovitima\u201d.<\/p>\r\n<p style=\"text-align: justify;\">Sa\u017eeci autora koji ne uplate kotizaciju za u\u010de\u0161\u0107e na Konferenciji do 06.09.2022. godine, ne\u0107e biti \u0161tampani u Zborniku sa\u017eetaka ni navedeni u Programu skupa.<\/p>\r\n<p style=\"text-align: justify;\"><strong>Uputstvo za radove u celini<\/strong><\/p>\r\n<p style=\"text-align: justify;\">U Zborniku radova bi\u0107e \u0161tampana izlaganja u celini sa konferencije \u201eSaradnja u cilju podr\u0161ke darovitima\u201d, koje su autori priredili u formi nau\u010dno\/stru\u010dnog \u010dlanka, prema ovom Upustvu, i \u010diji tekst su poslali <strong><u>na adresu konferencije\u00a0 (<\/u><\/strong><a href=\"mailto:konferencija@mensa.rs\">konferencija@mensa.rs<\/a><strong><u>) najkasnije do 15. 08. 2022. godine <\/u><\/strong><\/p>\r\n<p style=\"text-align: justify;\">Zbornik radova \u0107e biti objavljen u \u0161tampanoj formi i prire\u0111en za datume odr\u017eavanje konferencije sa ISBN i UDC oznakama (23 &#8211; 25. 09. 2022. godine).<\/p>\r\n<p style=\"text-align: justify;\">Recenzentski postupak, povratna informacija i korekcije bi\u0107e zavr\u0161ene do 05.09.2022. Autori mogu da o\u010dekuju prvu informaciju o prihva\u0107enosti rada za objavljivanje u Zborniku u roku od dve nedelje od slanja rada. Autori preuzimaju obavezu da tra\u017eene izmene izvr\u0161e najkasnije do 05.09.2022. godine.<\/p>\r\n<p style=\"text-align: justify;\">Rad \u0107e nakon recenzije po potrebi biti vra\u0107en autoru na kona\u010dnu doradu\/dopunu u skladu sa Uputstvom.<\/p>\r\n<p style=\"text-align: justify;\">Radove \u0107e recenzirati kompetentni doma\u0107i i me\u0111unarodni recenzenti. Radovi \u0107e tokom recenzentskog postupka biti provereni na plagijarizam i autoplagijarizam.<\/p>\r\n<p style=\"text-align: justify;\">Jezici objavljivanja radova su: srpski, ili jezici okru\u017eenja ili engleski.<\/p>\r\n<p style=\"text-align: justify;\">Autori su odgovorni za lekturu srpskog i engleskog sa\u017eetka, kao i lekturu celokupnog teksta.<\/p>\r\n<p style=\"text-align: justify;\">Jedan autor\/koautor se mo\u017ee pojaviti na najvi\u0161e dva (2) rada. Broj autora i koautora: najvi\u0161e \u010detiri (4) na jednom radu.<\/p>\r\n<p style=\"text-align: justify;\"><strong>Rad mora imati slede\u0107e karakteristike: <\/strong><\/p>\r\n<p style=\"text-align: justify;\">Jezik: srpski, ili jezici regiona ili engleski, sa sa\u017eetkom\/abstraktom na jeziku na kojem je rad napisan i engleskom jeziku. Za radove na engleskom jeziku (za autore iz inostranstva) mo\u017eemo obezbediti prevod na srpski jezik.<\/p>\r\n<p style=\"text-align: justify;\">Obim: do 10 stranica A4 formata (orginalni nau\u010dni rad), 5-10 stranica (stru\u010dni i pregledni rad). Jedna stranica ima 1800 karaktera.<\/p>\r\n<p style=\"text-align: justify;\">U Zborniku radova mogu se objaviti i prikazi publikacija o darovitosti koji ne smeju biti du\u017ei od dve strane (treba navesti sve relevantne podatke o publikaciji: autori, naslov publikacije, izdava\u010d, mesto i godina izdanja, kratak sadr\u017eaj, komentar autora prikaza).<\/p>\r\n<p style=\"text-align: justify;\">Radovi se dostavljaju u .<strong>docx<\/strong> formatu.<\/p>\r\n<p style=\"text-align: justify;\">Font: Times New Roman, \u0107irili\u010dno ili latini\u010dno pismo.<\/p>\r\n<p style=\"text-align: justify;\">Prored: 1,5<\/p>\r\n<p style=\"text-align: justify;\">Slike i grafikoni: Ilustracije, fotografije, tabelarni i sli\u010dni prilozi dostavljaju se uz tekst obavezno kao prilog. Oni moraju da budu u formatu i rezoluciji pogodnoj za \u0161tampu.<\/p>\r\n<p style=\"text-align: justify;\">Ilustracije treba dostavljati u obliku digitalnih slika u .eps, .tiff ili .jpg (maximum quality) formatu. Voditi ra\u010duna da \u0107e \u0161tampa biti crno-bela a ne u boji.<\/p>\r\n<p style=\"text-align: justify;\">Tabele i grafikone dostaviti u .docx formatu. Tabele i slike po\u0161aljite u posebnom dokumentu a u tekstu rada jasno nazna\u010dite mesto, broj i naziv priloga.<\/p>\r\n<p style=\"text-align: justify;\"><strong>Rad treba da sadr\u017ei: <\/strong><\/p>\r\n<p>Naslov na srpskom ili jezicima okru\u017eenja i obavezno na engleskom jeziku &#8211; 14 pt, bold, capital.<br \/>Imena i prezimena svih autora &#8211; 12 pt, regular,<br \/>Afilijacije, redosledom: Ustanova, grad, dr\u017eava &#8211; 10 pt, regular,<br \/>Sa\u017eetak na srpskom\/jezicima okru\u017eenja i na engleskom jeziku, do maksimalno 300 re\u010di svaki \u2013 12pt, regular,<br \/>Klju\u010dne re\u010di: do 5 re\u010di &#8211; 12 pt, italic,<br \/>Struktura teksta rada (Uvod, Metod, Rezultati, Diskusija, Zaklju\u010dak) \u2013 12 pt, regular,<br \/>Literatura &#8211; 10 pt, regular; Citatni stil: APA 7<\/p>\r\n<p style=\"text-align: justify;\"><a href=\"https:\/\/docs.google.com\/document\/d\/1yTC2qyRkpzw8_GpDVgQ-Pji4hIogJXe8IWEPxdpcvKA\/edit?usp=sharing\">Primer formata rada<\/a><\/p>\r\n<p style=\"text-align: justify;\">Uslov za objavljivanje rezimea, kao i rada u celini, jeste pla\u0107ena kotizacija za prvog autora rada, odnosno autora koji prezentuje rad. Rad za koji do 06. septembra. 2022. godine nije upla\u0107ena ni jedna kotizacija ne\u0107e biti uvr\u0161ten u Program skupa, Zbornik rezimea niti u Zbornik radova.<\/p>\r\n<p style=\"text-align: justify;\">Autori mogu prijaviti svoj rad samo za objavljivanje u Zborniku radova, bez obaveze prezentovanja rada na Konferenciji. U ovom slu\u010daju, potrebno je da prvi autor rada uplati iznos jedne kotizacije (6.000 RSD) na ime tro\u0161kova recenziranja i objavljivanja rada u zborniku, najkasnije do 06. 09. 2022. godine.<\/p>\r\n<p style=\"text-align: justify;\"><strong>Za sva dodatna pitanja i komunikaciju sa organizatorima i uredni\u0161tvom<\/strong> koristite adresu: <a href=\"mailto:konferencija@mensa.rs\">konferencija@mensa.rs<\/a> \u00a0<\/p>\r\n<h3 style=\"text-align: justify;\">Program Konferencije<\/h3>\r\n<p style=\"text-align: justify;\">Program Konferencije \u0107e biti objavljen na <a href=\"https:\/\/konferencija.mensa.rs\/?page_id=252\">web stranici Konferencije<\/a> najkasnije do 15. septembra 2022. godine.<\/p>\r\n<p style=\"text-align: justify;\">O\u010dekuju\u0107i Va\u0161u prijavu za u\u010de\u0161\u0107e na Konferenciji i susret sa Vama u Beogradu, srda\u010dno Vas pozdravljamo!<\/p>\r\n<p style=\"text-align: right;\"><strong>Organizacioni odbor Konferencije<\/strong><\/p>\r\n<p><strong>Organizatori konferencije<\/strong><br \/>Mensa Srbije<br \/>Visoka \u0161kola strukovnih studija za obrazovanje vaspita\u010da Novi Sad<br \/>Dru\u0161tvo defektologa Vojvodine<br \/>Nacionalni centar za talente<\/p>\r\n<p><strong>Partneri konferencije<\/strong><br \/>U\u010diteljski fakultet Univerziteta u Beogradu<br \/>Prirodno matemati\u010dki fakultet Univerziteta u Novom Sadu<br \/>LINK Educational Alliance<br \/>Udru\u017eenje vaspita\u010da Vojvodine<br \/>Alijansa prosvetitelja Srbije<br \/>U\u010denIQ<\/p>\r\n","protected":false},"excerpt":{"rendered":"<p>&nbsp; Udru\u017eenje gra\u0111ana Mensa Srbije i partneri pozivaju Vas na Petu me\u0111unarodnu nau\u010dno-stru\u010dnu konferenciju \u201cSaradnja u cilju podr\u0161ke darovitima\u201d 23 \u2013 25. septembar 2022 godine, Beograd Mesto: Institut za moderno obrazovanje (Masarikova 5, Beograd, Srbija). \u00a0 NOVO!!! ZAKLJU\u010cCI KONFERENCIJE KONA\u010cNI PROGRAM KONFERENCIJE Cilj konferencije: Cilj ovogodi\u0161nje konferencije je da uka\u017ee na va\u017enost saradnje, partnerstava i &hellip; <a href=\"https:\/\/konferencija.mensa.rs\/?page_id=252\" class=\"more-link\">Continue reading <span class=\"screen-reader-text\">5. konferencija 2022.<\/span><\/a><\/p>\n","protected":false},"author":2,"featured_media":0,"parent":0,"menu_order":0,"comment_status":"closed","ping_status":"closed","template":"","meta":[],"_links":{"self":[{"href":"https:\/\/konferencija.mensa.rs\/index.php?rest_route=\/wp\/v2\/pages\/252"}],"collection":[{"href":"https:\/\/konferencija.mensa.rs\/index.php?rest_route=\/wp\/v2\/pages"}],"about":[{"href":"https:\/\/konferencija.mensa.rs\/index.php?rest_route=\/wp\/v2\/types\/page"}],"author":[{"embeddable":true,"href":"https:\/\/konferencija.mensa.rs\/index.php?rest_route=\/wp\/v2\/users\/2"}],"replies":[{"embeddable":true,"href":"https:\/\/konferencija.mensa.rs\/index.php?rest_route=%2Fwp%2Fv2%2Fcomments&post=252"}],"version-history":[{"count":15,"href":"https:\/\/konferencija.mensa.rs\/index.php?rest_route=\/wp\/v2\/pages\/252\/revisions"}],"predecessor-version":[{"id":303,"href":"https:\/\/konferencija.mensa.rs\/index.php?rest_route=\/wp\/v2\/pages\/252\/revisions\/303"}],"wp:attachment":[{"href":"https:\/\/konferencija.mensa.rs\/index.php?rest_route=%2Fwp%2Fv2%2Fmedia&parent=252"}],"curies":[{"name":"wp","href":"https:\/\/api.w.org\/{rel}","templated":true}]}}