{"id":341,"date":"2024-03-30T21:36:16","date_gmt":"2024-03-30T20:36:16","guid":{"rendered":"https:\/\/konferencija.mensa.rs\/?page_id=341"},"modified":"2024-10-26T19:36:12","modified_gmt":"2024-10-26T18:36:12","slug":"darovitost-i-interdisciplinarnost","status":"publish","type":"page","link":"https:\/\/konferencija.mensa.rs\/","title":{"rendered":"&#8220;Darovitost i interdisciplinarnost&#8221;"},"content":{"rendered":"<p>&nbsp;<\/p>\n<p style=\"text-align: center;\">Udru\u017eenje gra\u0111ana Mensa Srbije<\/p>\n<p style=\"text-align: center;\">i partneri<\/p>\n<p style=\"text-align: center;\">pozivaju Vas na<\/p>\n<h1 style=\"text-align: center;\"><strong>Sedmu me\u0111unarodnu<\/strong><\/h1>\n<h1 style=\"text-align: center;\"><strong>nau\u010dno-stru\u010dnu konferenciju<\/strong><\/h1>\n<h1 style=\"text-align: center;\"><strong>\u201eDarovitost i interdisciplinarnost<\/strong><strong>\u201d<\/strong><\/h1>\n<p style=\"text-align: center;\"><strong>\u00a0<\/strong><strong>4 \u2013 6. oktobar 2024. godine, Novi Sad<\/strong><\/p>\n<p style=\"text-align: center;\"><strong>Mesto<\/strong>: Rektorat Univerziteta u Novom Sadu, Zorana \u0110in\u0111i\u0107a 1.<\/p>\n<h3><\/h3>\n<h3><span style=\"color: #ff0000;\">NOVO!!!<\/span> <a href=\"https:\/\/drive.google.com\/file\/d\/1syvAndXeioQVfNIv6OIVWIY1fLDjsyDV\/view?usp=drive_link\">Zaklju\u010dci i izve\u0161taj sa konferencije<\/a><\/h3>\n<h3><a href=\"https:\/\/drive.google.com\/file\/d\/1rEW6FrzkeiO6HheXUWFP-SbX04XGalUr\/view?usp=drive_link\">Program konferencije<\/a><\/h3>\n<h3>Cilj konferencije:<\/h3>\n<p>Darovitost je vi\u0161edimenzionalan fenomen. Zato interdisciplinarnost stoji kao nu\u017enost u pristupu njenom razumevanju i definisanju. Na dosada\u0161njih \u0161est konferencija spontano smo kroz interdisciplinarne razmene oboga\u0107ivali na\u0161a znanja i ve\u0161tine o darovitosti i darovitima. Ovogodi\u0161nja tema konferencije stavlja interdisciplinarne razmene na centralno mesto uzimaju\u0107i u obzir nu\u017enost prvenstveno promena u obrazovnim praksama i pristupima darovitima. STEAM programi i napreduju\u0107i razvoj ve\u0161ta\u010dke inteligencije ubrzavaju potrebe za promenama u pristupu obrazovanju darovitih i predstavljaju izazov na planu predvi\u0111anja budu\u0107eg razvoja mladih generacija. Istovremeno, u savremenom svetu ve\u0161ta\u010dke inteligencije i napretka tehnologije, interakciji \u010doveka i ma\u0161ine bi\u0107e potrebna podr\u0161ka upravo darovitih.<\/p>\n<p>U nadi da \u0107e interdisciplinarne razmene unaprediti i usmeriti dalja istra\u017eivanja i razumevanja darovitosti pozivamo vas na ovogodi\u0161nju konferenciju.<\/p>\n<p>Iskreno se nadamo da \u0107ete prepoznati svoj interes da nam se pridru\u017eite!<\/p>\n<p><strong>U\u010desnici<\/strong>: Konferencija je namenjena vaspita\u010dima, u\u010diteljima, nastavnicima, stru\u010dnim saradnicima, defektolozima, lekarima, zaposlenima u javnim servisima, administracijama i upravama, medijskim radnicima, studentima i svima drugima koji se u svom radu susre\u0107u i bave darovitom decom, mladima i odraslima i njihovim porodicama, iz zemlje i inostranstva.<\/p>\n<p><strong>Jezici Konferencije<\/strong>: srpski, jezici regiona i engleski.<\/p>\n<p><strong>Konferencija \u0107e biti akreditovana <\/strong>kao oblik stru\u010dnog usavr\u0161avanja zaposlenih u obrazovno-vaspitnim ustanovama u Republici Srbiji.<\/p>\n<p><strong>Pozivamo Vas da prijavite svoje u\u010de\u0161\u0107e na Konferenciji <\/strong>u formi usmenog izlaganja, poster prezentacije, radionice, ili da u\u010destvujete kao slu\u0161alac, bez izlaganja.<\/p>\n<p><strong>Svoja izlaganja <\/strong>mo\u017eete prijaviti na neku od slede\u0107ih podtema:<\/p>\n<ul>\n<li>Interdisciplinarno sagledavanje darovitosti<\/li>\n<li>Interdisciplinarnost u prepoznavanju darovitosti<\/li>\n<li>Interdsiciplinarnost u metodici rada sa darovitima<\/li>\n<li>Interdisciplinarni pristupu pru\u017eanju podr\u0161ke razvoju darovitosti<\/li>\n<li>Darovitost i interdiciplinarnost<\/li>\n<li>Interdisciplinarnost u obrazovanju<\/li>\n<li>STEAM programi i metode<\/li>\n<li>Daroviti i ve\u0161ta\u010dka inteligencija<\/li>\n<li>Institucionalni oblici podr\u0161ke darovitosti<\/li>\n<li>Me\u0111unarodna saradnja u oblasti darovitosti<\/li>\n<\/ul>\n<p><strong><u>Va\u017eni datumi:<\/u><\/strong><\/p>\n<p>&#8211; do 1. jula 2024. \u00a0\u00a0 \u00a0\u00a0\u00a0\u00a0\u00a0\u00a0\u00a0\u00a0\u00a0\u00a0\u00a0 Prijava rezimea (usmenog izlaganja ili poster prezentacije)<br \/>\n&#8211; 15. jul 2024. \u00a0\u00a0\u00a0\u00a0\u00a0\u00a0\u00a0\u00a0\u00a0\u00a0\u00a0\u00a0\u00a0\u00a0\u00a0\u00a0\u00a0\u00a0\u00a0 Obave\u0161tenje o prihvatanju rezimea (uz informaciju o potrebnim korekcijama)<br \/>\n&#8211; 22. jul 2024. \u00a0\u00a0\u00a0\u00a0\u00a0\u00a0\u00a0 \u00a0\u00a0\u00a0\u00a0\u00a0\u00a0\u00a0\u00a0\u00a0\u00a0\u00a0 Rok za slanje korigovanog rezimea<\/p>\n<p>&#8211; 21. avgust 2024. \u00a0\u00a0\u00a0\u00a0\u00a0\u00a0\u00a0\u00a0\u00a0\u00a0\u00a0\u00a0\u00a0 Prijava rada u celini<br \/>\n&#8211;\u00a0 7. septembar 2024.\u00a0\u00a0\u00a0\u00a0\u00a0\u00a0\u00a0\u00a0 Obave\u0161tenje o prihvatanju rada<br \/>\n&#8211; 14. septembar 2024. \u00a0\u00a0\u00a0\u00a0\u00a0\u00a0 Rok za slanje korigovanih radova u celini<\/p>\n<p>&#8211; 14. septembar 2024. \u00a0\u00a0\u00a0\u00a0\u00a0 Poslednji rok za uplatu kotizacije za u\u010desnike izlaga\u010de i autore radova u Zborniku radova.<\/p>\n<p>&#8211; Uplata kotizacije: \u00a0\u00a0\u00a0\u00a0\u00a0\u00a0\u00a0\u00a0\u00a0\u00a0do 22. jula 2024. godine \u2013 rok za rane uplate po ni\u017eoj ceni<\/p>\n<p>do 02. oktobra 2024. godine \u2013 rok za uplate po redovnoj ceni za u\u010desnike bez izlaganja.<\/p>\n<h3><strong><u>Kotizacija<\/u><\/strong><\/h3>\n<p><strong>Iznos kotizacije po osobi <\/strong>za u\u010de\u0161\u0107e na trodnevnoj konferenciji, u zavisnosti od datuma uplate i kategorije u\u010desnika:<\/p>\n<p>&nbsp;<\/p>\n<table width=\"635\">\n<tbody>\n<tr>\n<td width=\"276\">\u00a0\u00a0\u00a0\u00a0\u00a0\u00a0\u00a0\u00a0\u00a0\u00a0\u00a0\u00a0\u00a0\u00a0\u00a0\u00a0\u00a0\u00a0\u00a0\u00a0\u00a0\u00a0\u00a0\u00a0\u00a0\u00a0\u00a0\u00a0\u00a0\u00a0\u00a0 Vrsta kotizacije<\/p>\n<p>U\u010desnici<\/td>\n<td width=\"180\">Kotizacija<\/p>\n<p><strong>za rane uplate,<\/strong><\/p>\n<p>(do 22.07.2024)<\/td>\n<td width=\"180\">Kotizacija<\/p>\n<p><strong>za redovne uplate,<\/strong><\/p>\n<p>(od 22.07. do 02.10.2024)<\/td>\n<\/tr>\n<tr>\n<td width=\"276\">\u010clanovi udru\u017eenja i ustanova organizatora skupa<\/td>\n<td width=\"180\">5.000 RSD<\/td>\n<td width=\"180\">6.000 RSD<\/td>\n<\/tr>\n<tr>\n<td width=\"276\">Drugi u\u010desnici iz Srbije<\/td>\n<td width=\"180\">5.500 RSD<\/td>\n<td width=\"180\">6.500 RSD<\/td>\n<\/tr>\n<tr>\n<td width=\"276\">U\u010desnici iz inostranstva<\/td>\n<td width=\"180\">75 \u20ac<\/td>\n<td width=\"180\">90 \u20ac<\/td>\n<\/tr>\n<tr>\n<td width=\"276\">\u010clanovi Mense iz inostranstva<\/td>\n<td width=\"180\">65 \u20ac<\/td>\n<td width=\"180\">80 \u20ac<\/td>\n<\/tr>\n<\/tbody>\n<\/table>\n<h3>Kotizacija obuhvata:<\/h3>\n<ul>\n<li>prisustvo, pra\u0107enje i\/ili u\u010de\u0161\u0107e u radu Konferencije,<\/li>\n<li>\u0161tampani program Konferencije i Zbornik sa\u017eetaka,<\/li>\n<li>\u0161tampani Zbornik radova,<\/li>\n<li>Sertifikat o u\u010de\u0161\u0107u (za sve u\u010desnike konferencije) i Uverenje o poha\u0111anom obliku stru\u010dnog usavr\u0161avanja (za zaposlene u obrazovno-vaspitnim ustanovama u Republici Srbiji),<\/li>\n<li>prate\u0107i radni materijal,<\/li>\n<li>koktel dobrodo\u0161lice,<\/li>\n<li>osve\u017eenja u radnim pauzama.<\/li>\n<\/ul>\n<h3><u>Prijave i na\u010din uplate kotizacije<\/u><\/h3>\n<p>Prijavite svoje u\u010de\u0161\u0107e na Konferenciji najkasnije <strong>do 1. jula 2024.<\/strong> (ukoliko prijavljujete izlaganje) ili do 02. oktobra 2024. godine (ukoliko ste u\u010desnik bez izlaganja) popunjavanjem <a href=\"https:\/\/docs.google.com\/forms\/d\/e\/1FAIpQLSfhA1XEOqCdclaRimrhyWV2mH-R015kNjegnvAcu-c_P1zFgg\/viewform\"><strong>prijavne forme<\/strong><\/a>. Nakon popunjavanja prijavne forme, na svoju e-mail adresu dobi\u0107ete predra\u010dun i uputstva za uplatu kotizacije. Napominjemo da \u0107e kolegama koji ne budu mogli ili \u017eeleli da fizi\u010dki prisustvuju konferenciji, biti omogu\u0107eno pra\u0107enje konferencije preko zoom-a. Izlaga\u010di mogu izlagati samo ukoliko si fizi\u010dki prisutni u sali u trenutku izlaganja.<\/p>\n<h3><u>Uputstvo za prijavu sa\u017eetaka (usmena izlaganja, poster prezentacije i radionice)<\/u><\/h3>\n<p>U\u010de\u0161\u0107e na Konferenciji sa izlaganjem prijavljuje se popunjavanjem <a href=\"https:\/\/docs.google.com\/forms\/d\/e\/1FAIpQLSfhA1XEOqCdclaRimrhyWV2mH-R015kNjegnvAcu-c_P1zFgg\/viewform\">prijavne forme<\/a> i dostavljanjem sa\u017eetka izlaganja (za sve oblike izlaganja i u\u010de\u0161\u0107a: usmena prezentacija, poster, radionice) do<br \/>\n1. jula 2024. godine na adresu <a href=\"mailto:konferencija@mensa.rs\">konferencija@mensa.rs<\/a><\/p>\n<p><strong><u>Sa\u017eeci usmenih izlaganja i poster prezentacija <\/u><\/strong><\/p>\n<p>Sa\u017eetak se prijavljuje na dva zvani\u010dna jezika konferencije (na srpskom ili jednom od jezika regiona, i na engleskom) i treba da ima slede\u0107e odlike:<\/p>\n<p>Pismo: latini\u010dno ili \u0107irili\u010dno<\/p>\n<p>Obim: <strong>do 500 re\u010di<\/strong><\/p>\n<p>Format: Word (.doc ili .docx)<\/p>\n<p>Font: Times New Roman<\/p>\n<p>Prored: 1,0<\/p>\n<p>Veli\u010dina slova:<\/p>\n<p>\u2212 Naslov (srpski\/jedan od jezika regiona i engleski), 14 pt, bold, capital<\/p>\n<p>\u2212 Autori sa afilijacijama (srpski\/jedan od jezika regiona i engleski), 12 pt, regular<\/p>\n<p>\u2212 Sa\u017eetak i Abstract (do 500 re\u010di), 12 pt, regular<\/p>\n<p>\u2212 <em>Klju\u010dne re\u010di i Keywords (do 5), 12 pt, italic<\/em>.<\/p>\n<p>Sa\u017eetak pisati po\u0161tuju\u0107i IMRAD format (izdvojiti: cilj rada\/istra\u017eivanja, metod, rezultate i zaklju\u010dak ili odre\u0111ene preporuke). Sa\u017eetak ne treba da sadr\u017ei reference.<\/p>\n<p><a href=\"https:\/\/docs.google.com\/document\/d\/1JzfAXCIc-pjYu4qlnTxZ45lUcOiB6e2Wpdtvoa3PP38\/edit?usp=sharing\">Primer formata sa\u017eetka<\/a><\/p>\n<p><strong>SA\u017dETAK ZA RADIONICU<\/strong> treba da sadr\u017ei naziv radionice, autore-voditelje radionice i afilijacije, cilj i ishode radionice. Nazna\u010diti maksimalan broj u\u010desnika.<\/p>\n<p>Napomena: Radionica mo\u017ee da traje najdu\u017ee <strong>60 minuta<\/strong>.<\/p>\n<p><strong><u>Op\u0161te napomene:<\/u><\/strong><\/p>\n<p>Jedan autor se mo\u017ee prijaviti sa najvi\u0161e dva izlaganja, bez obzira na formu izlaganja (bilo kao autor ili koautor). Maksimalan broj autora po jednom izlaganju je \u010detiri.<\/p>\n<p>Svi prijavljeni radovi se upu\u0107uju na anonimnu recenzenziju na ocenu zadovoljenosti uslova za izlaganje na Konferenciji i \u0161tampanje u Zborniku sa\u017eetaka.<\/p>\n<h3><strong>VA\u017dNO UPUTSTVO ZA IZLAGA\u010cE:<\/strong><\/h3>\n<p>Du\u017eina usmenih izlaganja ograni\u010dena je na 10 minuta uz dodatnih 5 minuta za diskusiju i pitanja.<\/p>\n<p><strong>Poster prezentacije<\/strong> mogu biti maksimalne veli\u010dine 80x110cm, portret ili landscape pozicije, jasno vidljivog teksta sa udaljenosti od 2m. Poster prezentacije autori li\u010dno donose na Konferenciju. U predvi\u0111enom vremenu prema Programu Konferencije u obavezi su da budu pored poster prezentacija zbog komunikacije sa zainteresovanim u\u010desnicima. Nakon predvi\u0111enog vremena izlaganja poster prezentacija, autori uklanjaju svoje postere.<\/p>\n<p>Za prihva\u0107ena usmena izlaganja: Molimo sve izlaga\u010de da <strong>svoje prezentacije po\u0161alju na adresu<\/strong> <a href=\"mailto:konferencija@mensa.rs\">konferencija@mensa.rs<\/a> (u Power Pointu) <strong>najkasnije do 2. oktobra 2024.<\/strong><\/p>\n<p>Sa\u017eeci usmenih izlaganja nau\u010dnih\/stru\u010dnih radova i poster prezentacija i radionica prijavljenih i prihva\u0107enih za Konferenciju , bi\u0107e objavljeni u Zborniku sa\u017eetaka Konferencije. \u00a0Sa\u017eeci autora koji ne uplate kotizaciju za u\u010de\u0161\u0107e na Konferenciji do 14. septembra 2024. godine, ne\u0107e biti \u0161tampani u Zborniku sa\u017eetaka i ne\u0107e biti navedeni u Programu skupa.<\/p>\n<h3><strong>Uputstvo za radove u celini<\/strong><\/h3>\n<p>U <strong>Zborniku radova<\/strong> bi\u0107e \u0161tampana izlaganja u celini sa konferencije, koje su autori priredili u formi nau\u010dno\/stru\u010dnog \u010dlanka, prema ovom Upustvu, i \u010diji tekst su poslali <strong><u>na adresu konferencije <\/u><\/strong><u>(<\/u><a href=\"mailto:konferencija@mensa.rs\">konferencija@mensa.rs<\/a><u>)<strong> najkasnije do 21. avgusta 2024. godine <\/strong><\/u><\/p>\n<p>Zbornik radova \u0107e biti objavljen u \u0161tampanoj formi i prire\u0111en za datume odr\u017eavanje konferencije sa ISBN i UDC oznakama.<\/p>\n<p>Recenzentski postupak, povratna informacija i korekcije bi\u0107e zavr\u0161ene do 14. septembra 2024. Autori mogu da o\u010dekuju prvu informaciju o prihva\u0107enosti rada za objavljivanje u Zborniku u roku od dve nedelje od slanja rada. Autori preuzimaju obavezu da tra\u017eene izmene izvr\u0161e najkasnije do 14. septembra 2024. godine.<\/p>\n<p>Rad \u0107e nakon recenzije po potrebi biti vra\u0107en autoru na kona\u010dnu doradu\/dopunu u skladu sa Uputstvom. Radove \u0107e recenzirati kompetentni doma\u0107i i me\u0111unarodni recenzenti. Radovi \u0107e tokom recenzentskog postupka biti provereni na plagijarizam i autoplagijarizam.<\/p>\n<p>Jezici objavljivanja radova su: srpski, ili jezici okru\u017eenja ili engleski.<\/p>\n<p>Jedan autor\/koautor se mo\u017ee pojaviti na najvi\u0161e dva (2) rada. Broj autora i koautora: najvi\u0161e \u010detiri (4) na jednom radu.<\/p>\n<p><strong>Rad mora imati slede\u0107e karakteristike: <\/strong><\/p>\n<p>Jezik: srpski, ili jezici regiona ili engleski, sa sa\u017eetkom\/apstraktom na jeziku na kojem je rad napisan i engleskom jeziku. Za radove na engleskom jeziku (za autore iz inostranstva) mo\u017eemo obezbediti prevod na srpski jezik.<\/p>\n<p>Obim: do 10 stranica A4 formata (orginalni nau\u010dni rad), 5\u201310 stranica (stru\u010dni i pregledni rad). Jedna stranica ima 1800 karaktera.<\/p>\n<p>U Zborniku radova mogu se objaviti i prikazi publikacija o darovitosti koji ne smeju biti du\u017ei od dve strane (treba navesti sve relevantne podatke o publikaciji: autori, naslov publikacije, izdava\u010d, mesto i godina izdanja, kratak sadr\u017eaj, komentar autora prikaza).<\/p>\n<p>Radovi se dostavljaju u .<strong>docx<\/strong> formatu.<\/p>\n<p>Font: Times New Roman, \u0107irili\u010dno ili latini\u010dno pismo.<\/p>\n<p>Prored: 1,5<\/p>\n<p>Slike i grafikoni: Ilustracije, fotografije, tabelarni i sli\u010dni prilozi dostavljaju se uz tekst obavezno kao prilog. Oni moraju da budu u formatu i rezoluciji pogodnoj za \u0161tampu.<\/p>\n<p>Ilustracije treba dostavljati u obliku digitalnih slika u .eps, .tiff ili .jpg (maximum quality) formatu. Voditi ra\u010duna da \u0107e \u0161tampa biti crno-bela a ne u boji.<\/p>\n<p>Tabele i grafikone dostaviti u .docx formatu. Tabele i slike po\u0161aljite u posebnom dokumentu a u tekstu rada jasno nazna\u010dite mesto, broj i naziv priloga.<\/p>\n<p><strong>Rad treba da sadr\u017ei: <\/strong><\/p>\n<p>Naslov na srpskom ili jezicima okru\u017eenja i obavezno na engleskom jeziku \u2013 14 pt, bold, capital.<\/p>\n<p>Imena i prezimena svih autora \u2013 12 pt, regular,<\/p>\n<p>Afilijacije, redosledom: Ustanova, grad, dr\u017eava \u2013 10 pt, regular,<\/p>\n<p>Sa\u017eetak na srpskom\/jezicima okru\u017eenja i na engleskom jeziku, <strong>do maksimalno 300 re\u010di<\/strong> svaki \u2013 12pt, regular,<\/p>\n<p><em>Klju\u010dne re\u010di: do 5 re\u010di \u2013 12 pt, italic, <\/em><\/p>\n<p>Struktura teksta rada (Uvod, Metod, Rezultati, Diskusija, Zaklju\u010dak) \u2013 12 pt, regular,<\/p>\n<p>Literatura \u2013 10 pt, regular; Citatni stil: APA 7<\/p>\n<p><a href=\"https:\/\/docs.google.com\/document\/d\/1yTC2qyRkpzw8_GpDVgQ-Pji4hIogJXe8IWEPxdpcvKA\/edit?usp=sharing\">Primer formata rada<\/a><\/p>\n<p>Uslov za objavljivanje rezimea, kao i rada u celini, jeste pla\u0107ena kotizacija za prvog autora rada, odnosno autora koji prezentuje rad. Rad za koji do 14. septembra 2024. godine nije upla\u0107ena ni jedna kotizacija ne\u0107e biti uvr\u0161ten u Program skupa, Zbornik rezimea niti u Zbornik radova.<\/p>\n<p>Autori mogu prijaviti svoj rad samo za objavljivanje u Zborniku radova, bez obaveze prezentovanja rada na Konferenciji. U ovom slu\u010daju, potrebno je da prvi autor rada uplati iznos jedne kotizacije na ime tro\u0161kova recenziranja i objavljivanja rada u zborniku, najkasnije do 14. septembra 2024. godine.<\/p>\n<p><strong>Za sva dodatna pitanja i komunikaciju sa organizatorima i uredni\u0161tvom<\/strong> koristite adresu: <a href=\"mailto:konferencija@mensa.rs\">konferencija@mensa.rs<\/a><\/p>\n<h3>Program Konferencije<\/h3>\n<p>Program Konferencije \u0107e biti objavljen na <a href=\"https:\/\/konferencija.mensa.rs\/?page_id=252\">web stranici Konferencije<\/a> najkasnije do 20. septembra 2024. godine.<\/p>\n<h2 style=\"text-align: center;\"><strong>POSEBNO PRIZNANJE ZA INSTITUCIJE I ORGANIZACIJE KOJE PREPOZNAJU I PODR\u017dAVAJU DAROVITOST I KREATIVNOST <\/strong><\/h2>\n<p>I ove godine organizatori konferencije dodeljuju posebno priznanje vaspitno obrazovnim institucijama i organizacijama koje se posebno isti\u010du u pogledu prepoznavanja i podr\u0161ke darovitoj i kreativnoj deci i koje razvijaju ambijent u kojem se podr\u017eavaju daroviti i kreativni potencijali svakog pojedinca.<\/p>\n<p>Kako je osnovna pokreta\u010dka ideja organizatora na\u0161ih konferencija o fenomenu darovitosti da stvore bolje dru\u0161tveno okru\u017eenje za prepoznavanje i razvoj darovitih, prvenstveno u vaspitno obrazovnom sistemu, na sve\u010danom zatvaranju Konferencije bi\u0107e dodeljene plakete onim institucijama i organizacijama koje su zna\u010dajno doprinele ovoj oblasti.<\/p>\n<p><strong>Plaketa GIFTED FRIENDLY \u2013 INSTITUCIJA KOJA PREPOZNAJE I PODR\u017dAVA DAROVITOST I KREATIVNOST<\/strong>, dodeljuje se za 2024\/2025 godinu institucijama koje su u\u010destvovale na Konferenciji sa minimalno 5 \u010dlanova kolektiva (za koje je institucija pokrila tro\u0161ak kotizacije) i jednim izlo\u017eenim radom ili radionicom i jednoj doma\u0107oj instituciji na predlog Organizacionog odbora konferencije.<\/p>\n<p><strong>Amblem GIFTED FRIENDLY \u2013 INSTITUCIJA KOJA PREPOZNAJE I PODR\u017dAVA DAROVITOST I KREATIVNOST <\/strong>bi\u0107e oznaka institucije\/organizacije da je posve\u0107ena podr\u0161ci darovitim potencijalima svojih korisnika.<\/p>\n<p><strong>Posebna zahvalnica <\/strong>bi\u0107e dodeljena autoru\/autorima najbolje prezentacije ili radionice prema izboru u\u010desnika Konferencije.<\/p>\n<p>Na ovaj na\u010din \u017eelimo da doprinesemo vidljivosti onih institucija i organizacija koje su senzibilisane za prepoznavanje i pru\u017eanje aktivne podr\u0161ke razvoju darovitih i kreativnih potencijala dece i odraslih u na\u0161oj zemlji. Nadamo se da \u0107emo \u0161iriti mre\u017eu takvih institucija i omogu\u0107iti da se kroz njihovo povezivanje stvore sistemski preduslovi i temelji za podr\u0161ku darovitima.<\/p>\n<p>Plaketu, amblem i zahvalnicu dodeljuju:<\/p>\n<p>Mensa Srbije, Nacionalni centar za talente (NCT), Visoka \u0161kola strukovnih studija za obrazovanje vaspita\u010da Novi Sad i Prirodno matemati\u010dki fakultet Univerziteta u Novom Sadu.<\/p>\n<p><strong>Za sva dodatna pitanja i komunikaciju sa organizatorima i uredni\u0161tvom <\/strong>koristite adresu: konferencija@mensa.rs.<\/p>\n<p>O\u010dekuju\u0107i Va\u0161u prijavu za u\u010de\u0161\u0107e na Konferenciji i susret sa Vama u Novom Sadu, srda\u010dno Vas pozdravljamo!<\/p>\n<p>&nbsp;<\/p>\n<p><strong>Organizacioni odbor Konferencije<\/strong><\/p>\n<p><strong>Organizatori konferencije<\/strong><\/p>\n<p>Mensa Srbije<\/p>\n<p>Visoka \u0161kola strukovnih studija za obrazovanje vaspita\u010da Novi Sad<\/p>\n<p>Nacionalni centar za talente<\/p>\n<p>Prirodno matemati\u010dki fakultet, Univerziteta u Novom Sadu<\/p>\n<p><strong>Partneri konferencije:<\/strong><\/p>\n<p>Fakultet za obrazovanje u\u010ditelja i vaspita\u010da, Univerziteta u Beogradu<\/p>\n<p>Visoka \u0161kola strukovnih studija za informacione tehnologije (ITS)<\/p>\n<p>Udru\u017eenje gra\u0111ana U\u010denIQ<\/p>\n<p>Udru\u017eenje vaspita\u010da Vojvodine<\/p>\n<p>&nbsp;<\/p>\n<p>&nbsp;<\/p>\n<p>&nbsp;<\/p>\n<p>&nbsp;<\/p>\n<p>&nbsp;<\/p>\n<p>&nbsp;<\/p>\n<p>&nbsp;<\/p>\n","protected":false},"excerpt":{"rendered":"<p>&nbsp; Udru\u017eenje gra\u0111ana Mensa Srbije i partneri pozivaju Vas na Sedmu me\u0111unarodnu nau\u010dno-stru\u010dnu konferenciju \u201eDarovitost i interdisciplinarnost\u201d \u00a04 \u2013 6. oktobar 2024. godine, Novi Sad Mesto: Rektorat Univerziteta u Novom Sadu, Zorana \u0110in\u0111i\u0107a 1. NOVO!!! Zaklju\u010dci i izve\u0161taj sa konferencije Program konferencije Cilj konferencije: Darovitost je vi\u0161edimenzionalan fenomen. Zato interdisciplinarnost stoji kao nu\u017enost u pristupu &hellip; <a href=\"https:\/\/konferencija.mensa.rs\/\" class=\"more-link\">Continue reading <span class=\"screen-reader-text\">&#8220;Darovitost i interdisciplinarnost&#8221;<\/span><\/a><\/p>\n","protected":false},"author":2,"featured_media":0,"parent":0,"menu_order":0,"comment_status":"closed","ping_status":"closed","template":"","meta":[],"_links":{"self":[{"href":"https:\/\/konferencija.mensa.rs\/index.php?rest_route=\/wp\/v2\/pages\/341"}],"collection":[{"href":"https:\/\/konferencija.mensa.rs\/index.php?rest_route=\/wp\/v2\/pages"}],"about":[{"href":"https:\/\/konferencija.mensa.rs\/index.php?rest_route=\/wp\/v2\/types\/page"}],"author":[{"embeddable":true,"href":"https:\/\/konferencija.mensa.rs\/index.php?rest_route=\/wp\/v2\/users\/2"}],"replies":[{"embeddable":true,"href":"https:\/\/konferencija.mensa.rs\/index.php?rest_route=%2Fwp%2Fv2%2Fcomments&post=341"}],"version-history":[{"count":7,"href":"https:\/\/konferencija.mensa.rs\/index.php?rest_route=\/wp\/v2\/pages\/341\/revisions"}],"predecessor-version":[{"id":361,"href":"https:\/\/konferencija.mensa.rs\/index.php?rest_route=\/wp\/v2\/pages\/341\/revisions\/361"}],"wp:attachment":[{"href":"https:\/\/konferencija.mensa.rs\/index.php?rest_route=%2Fwp%2Fv2%2Fmedia&parent=341"}],"curies":[{"name":"wp","href":"https:\/\/api.w.org\/{rel}","templated":true}]}}