{"id":36,"date":"2017-12-13T07:18:02","date_gmt":"2017-12-13T07:18:02","guid":{"rendered":"https:\/\/konferencija.mensa.rs\/?page_id=36"},"modified":"2024-03-30T21:51:27","modified_gmt":"2024-03-30T20:51:27","slug":"beograd-avgust-2018","status":"publish","type":"page","link":"https:\/\/konferencija.mensa.rs\/?page_id=36","title":{"rendered":"2. Konferencija 2018."},"content":{"rendered":"<p style=\"text-align: center;\"><img decoding=\"async\" loading=\"lazy\" class=\"aligncenter\" src=\"https:\/\/www.mensa.rs\/resources\/images\/mensa_srbije_znak_1.jpg\" alt=\"\" width=\"200\" height=\"69\" border=\"0\" \/><br \/>\nVisoka \u0161kola strukovnih studija za obrazovanje vaspita\u010da Novi Sad<br \/>\nFakultet za specijalnu edukaciju i rehabilitaciju Beograd<br \/>\nUdru\u017eenje vaspita\u010da Vojvodine<br \/>\nDru\u0161tvo defektologa Vojvodine i<br \/>\nNacionalni centar za talente<\/p>\n<p style=\"text-align: center;\">odr\u017eali su<\/p>\n<p style=\"text-align: center;\"><img decoding=\"async\" loading=\"lazy\" class=\"alignnone wp-image-14\" src=\"https:\/\/konferencija.mensa.rs\/wp-content\/uploads\/2017\/12\/222-mini.jpg\" alt=\"\" width=\"126\" height=\"126\" srcset=\"https:\/\/konferencija.mensa.rs\/wp-content\/uploads\/2017\/12\/222-mini.jpg 260w, https:\/\/konferencija.mensa.rs\/wp-content\/uploads\/2017\/12\/222-mini-150x150.jpg 150w, https:\/\/konferencija.mensa.rs\/wp-content\/uploads\/2017\/12\/222-mini-100x100.jpg 100w\" sizes=\"(max-width: 126px) 100vw, 126px\" \/><\/p>\n<h4 style=\"text-align: center;\">Drugu me\u0111unarodnu stru\u010dno-nau\u010dnu konferenciju<br \/>\n\u201cDarovitost, obrazovanje i razvoj\u201d<\/h4>\n<p style=\"text-align: center;\">31. jul \u2013 2. avgust 2018. godine<\/p>\n<p><strong>Mesto<\/strong>: <a href=\"http:\/\/www.metropolpalace.com\/\">Hotel \u201cMetropol Palace\u201d<\/a>, Beograd, Srbija.<\/p>\n<h3><span style=\"color: #ff0000;\"><a style=\"color: #ff0000;\" href=\"https:\/\/drive.google.com\/open?id=1f7pgNESlpydlRfgTweY7P8tf6VV2iTR-\"><span style=\"color: #000000;\"><span style=\"color: #000080;\">ZAKLJU\u010cCI KONFERENCIJE<\/span><\/span><\/a><\/span><\/h3>\n<p><a href=\"https:\/\/drive.google.com\/file\/d\/1V75lqtwUMdqqyYPrYSxH49hJ7rMBodC7\/view?usp=sharing\"><strong><span style=\"color: #000080;\">ZBORNIK SA\u017dETAKA DRUGE ME\u0110UNARODNE KONFERENCIJE &#8220;DAROVITOST, OBRAZOVANJE I RAZVOJ&#8221;<\/span><\/strong><\/a><\/p>\n<p><a href=\"https:\/\/drive.google.com\/file\/d\/1PmchJGQCIZBMdAEgimtImkSw5nSNs8cc\/view?usp=sharing\"><strong><span style=\"color: #000080;\">TEMATSKI ZBORNIK &#8220;DAROVITOST, OBRAZOVANJE I RAZVOJ&#8221;<\/span><\/strong><\/a><\/p>\n<h3><strong>Cilj i u\u010desnici konferencije: <\/strong><\/h3>\n<p>Razmatranje teorijskih i prakti\u010dnih saznanja o darovitosti, nadarenosti, izuzetnosti i talentovanosti dece, mladih i odraslih; razmena i deljenje iskustava, znanja i ve\u0161tina o radu sa darovitima; analiza odnosa prema darovitima; razmatranje procesa obrazovanja darovitih, metoda i pristupa u vaspitno-obrazovnom radu sa darovitima;\u00a0 mogu\u0107nosti unapre\u0111ivanja odnosa dru\u0161tva prema darovitima; potrebe razvoja kapaciteta za rad sa darovitima; podizanje nivoa svesti svih u\u010desnika u raznim sektorima o potrebama za dodatnom pa\u017enjom i posebnim radom sa darovitim osobama.<\/p>\n<p><strong>U\u010desnici<\/strong>: Konferencija je namenjena vaspita\u010dima, u\u010diteljima, nastavnicima, stru\u010dnim saradnicima, defektolozima, lekarima, zaposlenima u javnim servisima, administracijama i upravama, medijskim radnicima, studentima i svima drugima koji se u svom radu susre\u0107u i bave darovitom decom, mladima i odraslima, iz zemlje i inostranstva.<\/p>\n<p><strong>Jezici Konferencije<\/strong>: srpski, hrvatski, bosanski i engleski.<\/p>\n<h4>Podteme<\/h4>\n<p>&#8211; Darovitost \u2013 pojam i terminologija,<br \/>\n&#8211; Vaspitno-obrazovni rad sa darovitima,<br \/>\n&#8211; Aktuelni i alternativni pristupi u radu sa darovitima,<br \/>\n&#8211; Otkrivanje i prepoznavanje darovite dece, mladih i odraslih,<br \/>\n&#8211; Porodica i daroviti,<br \/>\n&#8211; Dodatna podr\u0161ka darovitim osobama,<br \/>\n&#8211; Eti\u010dka pitanja o darovitima,<br \/>\n&#8211; Stimulativni programi za darovite,<br \/>\n&#8211; Osna\u017eivanje profesionalaca za rad sa darovitima,<br \/>\n&#8211; Odnos dru\u0161tva prema darovitima,<br \/>\n&#8211; i druge relevantne teme.<\/p>\n<p><a href=\"https:\/\/drive.google.com\/open?id=1v30aRSwWD7mI9raYa1_-1fm9dWXSJwMp\"><strong>Program Konferencije<\/strong><\/a><\/p>\n","protected":false},"excerpt":{"rendered":"<p>Visoka \u0161kola strukovnih studija za obrazovanje vaspita\u010da Novi Sad Fakultet za specijalnu edukaciju i rehabilitaciju Beograd Udru\u017eenje vaspita\u010da Vojvodine Dru\u0161tvo defektologa Vojvodine i Nacionalni centar za talente odr\u017eali su Drugu me\u0111unarodnu stru\u010dno-nau\u010dnu konferenciju \u201cDarovitost, obrazovanje i razvoj\u201d 31. jul \u2013 2. avgust 2018. godine Mesto: Hotel \u201cMetropol Palace\u201d, Beograd, Srbija. ZAKLJU\u010cCI KONFERENCIJE ZBORNIK SA\u017dETAKA DRUGE &hellip; <a href=\"https:\/\/konferencija.mensa.rs\/?page_id=36\" class=\"more-link\">Continue reading <span class=\"screen-reader-text\">2. Konferencija 2018.<\/span><\/a><\/p>\n","protected":false},"author":2,"featured_media":0,"parent":0,"menu_order":0,"comment_status":"closed","ping_status":"closed","template":"","meta":[],"_links":{"self":[{"href":"https:\/\/konferencija.mensa.rs\/index.php?rest_route=\/wp\/v2\/pages\/36"}],"collection":[{"href":"https:\/\/konferencija.mensa.rs\/index.php?rest_route=\/wp\/v2\/pages"}],"about":[{"href":"https:\/\/konferencija.mensa.rs\/index.php?rest_route=\/wp\/v2\/types\/page"}],"author":[{"embeddable":true,"href":"https:\/\/konferencija.mensa.rs\/index.php?rest_route=\/wp\/v2\/users\/2"}],"replies":[{"embeddable":true,"href":"https:\/\/konferencija.mensa.rs\/index.php?rest_route=%2Fwp%2Fv2%2Fcomments&post=36"}],"version-history":[{"count":26,"href":"https:\/\/konferencija.mensa.rs\/index.php?rest_route=\/wp\/v2\/pages\/36\/revisions"}],"predecessor-version":[{"id":234,"href":"https:\/\/konferencija.mensa.rs\/index.php?rest_route=\/wp\/v2\/pages\/36\/revisions\/234"}],"wp:attachment":[{"href":"https:\/\/konferencija.mensa.rs\/index.php?rest_route=%2Fwp%2Fv2%2Fmedia&parent=36"}],"curies":[{"name":"wp","href":"https:\/\/api.w.org\/{rel}","templated":true}]}}